{"id":8,"date":"2017-12-20T13:25:35","date_gmt":"2017-12-20T13:25:35","guid":{"rendered":"http:\/\/stills.mauer.co\/?page_id=2"},"modified":"2025-04-28T22:42:24","modified_gmt":"2025-04-28T20:42:24","slug":"about","status":"publish","type":"page","link":"https:\/\/simonbarralbaron.com\/index.php\/about\/","title":{"rendered":"Contact"},"content":{"rendered":"<p>Simon Barral-Baron,\u00a0<\/p>\n<p><span class=\"lt-line-clamp__line\">I<\/span><span class=\"lt-line-clamp__line\">mages fixes et<\/span> <span class=\"lt-line-clamp__line lt-line-clamp__line--last\"> en mouvement pour raconter des histoires, partager et transmettre les exp\u00e9riences artistiques.<\/span><\/p>\n<h2>Contact:<\/h2>\n<p>Mail : sbarralbaron@free.fr<br \/>Tel : 06 79 19 40 77<\/p>\n<h4>Mentions l\u00e9gales<\/h4>\n<p>SIRET 791 374 911 00018<\/p>\n<p>Simon Barral-Baron est une micro-entreprise de production audiovisuelle depuis 2013.<\/p>\n<p>H\u00e9bergement : OVH.com<br \/>Publication : Simon Barral-Baron<\/p>\n<p>Toute reproduction ou repr\u00e9sentation totale ou partielle par quelque proc\u00e9d\u00e9 que ce soit, sans autorisation \u00e9crite, est interdite et constituerait une contrefa\u00e7on sanctionn\u00e9e par les articles L.335-2 et suivants du Code de la propri\u00e9t\u00e9 intellectuelle.<\/p>\n\n\n\n","protected":false},"excerpt":{"rendered":"<p>Simon Barral-Baron,\u00a0 Images fixes et en mouvement pour raconter des histoires, partager et transmettre les exp\u00e9riences artistiques. Contact: Mail : sbarralbaron@free.frTel : 06 79 19 40 77 Mentions l\u00e9gales SIRET 791 374 911 00018 Simon Barral-Baron est une micro-entreprise de<\/p>\n\t\t<div class=\"more-link-holder\">\n\t\t\t<a class=\"more-link\" href=\"https:\/\/simonbarralbaron.com\/index.php\/about\/\">read more <i class=\"fa fa-angle-right\"><\/i><\/a>\n\t\t<\/div>","protected":false},"author":1,"featured_media":0,"parent":0,"menu_order":0,"comment_status":"closed","ping_status":"open","template":"page-alternative.php","meta":{"footnotes":""},"class_list":["post-8","page","type-page","status-publish","hentry","thumbless"],"jetpack_sharing_enabled":true,"_links":{"self":[{"href":"https:\/\/simonbarralbaron.com\/index.php\/wp-json\/wp\/v2\/pages\/8","targetHints":{"allow":["GET"]}}],"collection":[{"href":"https:\/\/simonbarralbaron.com\/index.php\/wp-json\/wp\/v2\/pages"}],"about":[{"href":"https:\/\/simonbarralbaron.com\/index.php\/wp-json\/wp\/v2\/types\/page"}],"author":[{"embeddable":true,"href":"https:\/\/simonbarralbaron.com\/index.php\/wp-json\/wp\/v2\/users\/1"}],"replies":[{"embeddable":true,"href":"https:\/\/simonbarralbaron.com\/index.php\/wp-json\/wp\/v2\/comments?post=8"}],"version-history":[{"count":14,"href":"https:\/\/simonbarralbaron.com\/index.php\/wp-json\/wp\/v2\/pages\/8\/revisions"}],"predecessor-version":[{"id":1213,"href":"https:\/\/simonbarralbaron.com\/index.php\/wp-json\/wp\/v2\/pages\/8\/revisions\/1213"}],"wp:attachment":[{"href":"https:\/\/simonbarralbaron.com\/index.php\/wp-json\/wp\/v2\/media?parent=8"}],"curies":[{"name":"wp","href":"https:\/\/api.w.org\/{rel}","templated":true}]}}